{"id":964,"date":"2024-05-21T07:41:01","date_gmt":"2024-05-21T07:41:01","guid":{"rendered":"https:\/\/jurisvisas.com\/?page_id=964"},"modified":"2025-01-29T19:56:27","modified_gmt":"2025-01-29T19:56:27","slug":"additional-visa-types","status":"publish","type":"page","link":"https:\/\/jurisvisas.com\/es\/additional-visa-types\/","title":{"rendered":"Visas Adicionales"},"content":{"rendered":"<div data-elementor-type=\"wp-page\" data-elementor-id=\"964\" class=\"elementor elementor-964\" data-elementor-post-type=\"page\">\n\t\t\t\t<div class=\"elementor-element elementor-element-ccd56e6 e-flex e-con-boxed e-con e-parent\" data-id=\"ccd56e6\" data-element_type=\"container\" data-e-type=\"container\" data-settings=\"{&quot;background_background&quot;:&quot;classic&quot;}\">\n\t\t\t\t\t<div class=\"e-con-inner\">\n\t\t\t\t<div class=\"elementor-element elementor-element-56e662b elementor-widget elementor-widget-heading\" data-id=\"56e662b\" data-element_type=\"widget\" data-e-type=\"widget\" data-widget_type=\"heading.default\">\n\t\t\t\t<div class=\"elementor-widget-container\">\n\t\t\t\t\t<h1 class=\"elementor-heading-title elementor-size-default\">Visas Adicionales<\/h1>\t\t\t\t<\/div>\n\t\t\t\t<\/div>\n\t\t\t\t<div class=\"elementor-element elementor-element-6bb4d7e elementor-widget elementor-widget-text-editor\" data-id=\"6bb4d7e\" data-element_type=\"widget\" data-e-type=\"widget\" data-widget_type=\"text-editor.default\">\n\t\t\t\t<div class=\"elementor-widget-container\">\n\t\t\t\t\t\t\t\t\t<p>Dependiendo de sus objetivos, existen visas para vivir y trabajar en los Estados Unidos.<\/p>\t\t\t\t\t\t\t\t<\/div>\n\t\t\t\t<\/div>\n\t\t\t\t\t<\/div>\n\t\t\t\t<\/div>\n\t\t<div class=\"elementor-element elementor-element-4dd527f e-flex e-con-boxed e-con e-parent\" data-id=\"4dd527f\" data-element_type=\"container\" data-e-type=\"container\" data-settings=\"{&quot;background_background&quot;:&quot;classic&quot;}\">\n\t\t\t\t\t<div class=\"e-con-inner\">\n\t\t<div class=\"elementor-element elementor-element-c221caa e-con-full e-flex e-con e-child\" data-id=\"c221caa\" data-element_type=\"container\" data-e-type=\"container\">\n\t\t<div class=\"elementor-element elementor-element-7bbfbbe e-con-full e-flex e-con e-child\" data-id=\"7bbfbbe\" data-element_type=\"container\" data-e-type=\"container\">\n\t\t\t\t<div class=\"elementor-element elementor-element-940bb85 elementor-widget elementor-widget-heading\" data-id=\"940bb85\" data-element_type=\"widget\" data-e-type=\"widget\" data-widget_type=\"heading.default\">\n\t\t\t\t<div class=\"elementor-widget-container\">\n\t\t\t\t\t<h2 class=\"elementor-heading-title elementor-size-default\">Visas Adicionales<\/h2>\t\t\t\t<\/div>\n\t\t\t\t<\/div>\n\t\t\t\t<div class=\"elementor-element elementor-element-828114d elementor-widget elementor-widget-text-editor\" data-id=\"828114d\" data-element_type=\"widget\" data-e-type=\"widget\" data-widget_type=\"text-editor.default\">\n\t\t\t\t<div class=\"elementor-widget-container\">\n\t\t\t\t\t\t\t\t\t<p>Juris Immigration ofrece una amplia gama de servicios de inmigraci\u00f3n, que incluyen opciones basadas en empleo, inversi\u00f3n y auto-patrocinio. Nuestros servicios abarcan:<\/p><ul><li>Visas comerciales a corto plazo<\/li><li>Ttraslado de empleados entre pa\u00eds de origen y sucursal estadounidense<\/li><li>Empleados profesionales<\/li><li>Personas con habilidades extraordinarias<\/li><li>Medios de comunicaci\u00f3n internacionales<\/li><li>Trabajadores religiosos<\/li><li>Inversores<\/li><li>Trabajadores en ocupaciones especializadas (H-1B)<\/li><li>Atletas y artistas<\/li><li>Visas TN para ciudadanos Canadienses y Mexicanos<\/li><li>Un Green Card a trav\u00e9s del patrocinio de un empleador de EE.UU.<br \/><br \/><\/li><\/ul><p>Elegir la opci\u00f3n m\u00e1s adecuada para sus necesidades empresariales o personales requiere un conocimiento detallado de cada tipo de visa, as\u00ed como de los beneficios y desaf\u00edos asociados.  En Juris Immigration, somos especialistas en visas relacionadas con negocios, empleo e inversi\u00f3n, y estamos perfectamente preparados para ayudale a encontrar la opci\u00f3n que mejor se adapte a sus necesidades.<\/p><p><strong>Consulta<\/strong><\/p><p class=\"translation-block\">Para obtener m\u00e1s informaci\u00f3n sobre los distintos tipos de visas disponibles, programe una cita para hablar con nosotros. En <em>Juris Immigration<\/em>, su consulta sin costo siempre ser\u00e1 con un abogado licenciado. No le pedimos a clientes que hablen con vendedores.<\/p>\t\t\t\t\t\t\t\t<\/div>\n\t\t\t\t<\/div>\n\t\t\t\t<div class=\"elementor-element elementor-element-c402f7a elementor-align-center elementor-tablet-align-left elementor-widget__width-inherit elementor-mobile-align-center elementor-widget elementor-widget-button\" data-id=\"c402f7a\" data-element_type=\"widget\" data-e-type=\"widget\" data-widget_type=\"button.default\">\n\t\t\t\t<div class=\"elementor-widget-container\">\n\t\t\t\t\t\t\t\t\t<div class=\"elementor-button-wrapper\">\n\t\t\t\t\t<a class=\"elementor-button elementor-button-link elementor-size-sm\" href=\"\/es\/schedule-a-consultation\/\">\n\t\t\t\t\t\t<span class=\"elementor-button-content-wrapper\">\n\t\t\t\t\t\t\t\t\t<span class=\"elementor-button-text\">Programe una consulta<\/span>\n\t\t\t\t\t<\/span>\n\t\t\t\t\t<\/a>\n\t\t\t\t<\/div>\n\t\t\t\t\t\t\t\t<\/div>\n\t\t\t\t<\/div>\n\t\t\t\t<\/div>\n\t\t<div class=\"elementor-element elementor-element-da5db31 e-con-full e-flex e-con e-child\" data-id=\"da5db31\" data-element_type=\"container\" data-e-type=\"container\">\n\t\t\t\t<div class=\"elementor-element elementor-element-a139937 elementor-widget__width-initial elementor-widget-mobile__width-inherit custom-height-sections elementor-widget elementor-widget-image\" data-id=\"a139937\" data-element_type=\"widget\" data-e-type=\"widget\" data-widget_type=\"image.default\">\n\t\t\t\t<div class=\"elementor-widget-container\">\n\t\t\t\t\t\t\t\t\t\t\t\t\t\t\t<img fetchpriority=\"high\" decoding=\"async\" width=\"800\" height=\"800\" src=\"https:\/\/jurisvisas.com\/wp-content\/uploads\/2024\/08\/Additional-Visa-Types.webp\" class=\"attachment-full size-full wp-image-3612\" alt=\"\" srcset=\"https:\/\/jurisvisas.com\/wp-content\/uploads\/2024\/08\/Additional-Visa-Types.webp 800w, https:\/\/jurisvisas.com\/wp-content\/uploads\/2024\/08\/Additional-Visa-Types-300x300.webp 300w, https:\/\/jurisvisas.com\/wp-content\/uploads\/2024\/08\/Additional-Visa-Types-150x150.webp 150w, https:\/\/jurisvisas.com\/wp-content\/uploads\/2024\/08\/Additional-Visa-Types-768x768.webp 768w, https:\/\/jurisvisas.com\/wp-content\/uploads\/2024\/08\/Additional-Visa-Types-12x12.webp 12w\" sizes=\"(max-width: 800px) 100vw, 800px\" \/>\t\t\t\t\t\t\t\t\t\t\t\t\t\t\t<\/div>\n\t\t\t\t<\/div>\n\t\t\t\t<\/div>\n\t\t\t\t<\/div>\n\t\t\t\t\t<\/div>\n\t\t\t\t<\/div>\n\t\t\t\t<\/div>","protected":false},"excerpt":{"rendered":"<p>Additional Visa Types Depending on your objectives, a number of different visa types are available for living and working in the United States. Additional Visa Types Juris Immigration offers a comprehensive portfolio of immigration services, including employment-based, investment-based and self-sponsorship opportunities.\u00a0 These include: Short-term Business Visas Intracompany Transfers Professionals Employees Persons of Extraordinary Ability Foreign [&hellip;]<\/p>\n","protected":false},"author":4,"featured_media":0,"parent":0,"menu_order":0,"comment_status":"closed","ping_status":"closed","template":"","meta":{"nf_dc_page":"","footnotes":""},"class_list":["post-964","page","type-page","status-publish","hentry"],"_links":{"self":[{"href":"https:\/\/jurisvisas.com\/es\/wp-json\/wp\/v2\/pages\/964","targetHints":{"allow":["GET"]}}],"collection":[{"href":"https:\/\/jurisvisas.com\/es\/wp-json\/wp\/v2\/pages"}],"about":[{"href":"https:\/\/jurisvisas.com\/es\/wp-json\/wp\/v2\/types\/page"}],"author":[{"embeddable":true,"href":"https:\/\/jurisvisas.com\/es\/wp-json\/wp\/v2\/users\/4"}],"replies":[{"embeddable":true,"href":"https:\/\/jurisvisas.com\/es\/wp-json\/wp\/v2\/comments?post=964"}],"version-history":[{"count":20,"href":"https:\/\/jurisvisas.com\/es\/wp-json\/wp\/v2\/pages\/964\/revisions"}],"predecessor-version":[{"id":5569,"href":"https:\/\/jurisvisas.com\/es\/wp-json\/wp\/v2\/pages\/964\/revisions\/5569"}],"wp:attachment":[{"href":"https:\/\/jurisvisas.com\/es\/wp-json\/wp\/v2\/media?parent=964"}],"curies":[{"name":"wp","href":"https:\/\/api.w.org\/{rel}","templated":true}]}}