{"id":959,"date":"2024-05-21T07:38:40","date_gmt":"2024-05-21T07:38:40","guid":{"rendered":"https:\/\/jurisvisas.com\/?page_id=959"},"modified":"2025-01-29T19:55:32","modified_gmt":"2025-01-29T19:55:32","slug":"investor-visas","status":"publish","type":"page","link":"https:\/\/jurisvisas.com\/es\/investor-visas\/","title":{"rendered":"Visas Para Inversores"},"content":{"rendered":"<div data-elementor-type=\"wp-page\" data-elementor-id=\"959\" class=\"elementor elementor-959\" data-elementor-post-type=\"page\">\n\t\t\t\t<div class=\"elementor-element elementor-element-879f36e e-flex e-con-boxed e-con e-parent\" data-id=\"879f36e\" data-element_type=\"container\" data-e-type=\"container\" data-settings=\"{&quot;background_background&quot;:&quot;classic&quot;}\">\n\t\t\t\t\t<div class=\"e-con-inner\">\n\t\t\t\t<div class=\"elementor-element elementor-element-0b7ea22 elementor-widget elementor-widget-heading\" data-id=\"0b7ea22\" data-element_type=\"widget\" data-e-type=\"widget\" data-widget_type=\"heading.default\">\n\t\t\t\t<div class=\"elementor-widget-container\">\n\t\t\t\t\t<h1 class=\"elementor-heading-title elementor-size-default\">Visas Para Inversores<\/h1>\t\t\t\t<\/div>\n\t\t\t\t<\/div>\n\t\t\t\t<div class=\"elementor-element elementor-element-4421bf9 elementor-widget elementor-widget-text-editor\" data-id=\"4421bf9\" data-element_type=\"widget\" data-e-type=\"widget\" data-widget_type=\"text-editor.default\">\n\t\t\t\t<div class=\"elementor-widget-container\">\n\t\t\t\t\t\t\t\t\t<p>Las visas E-2 y EB-5 ofrecen oportunidades ideales para inversores que desean trasladarse a los Estados Unidos.\u00a0<\/p>\t\t\t\t\t\t\t\t<\/div>\n\t\t\t\t<\/div>\n\t\t\t\t\t<\/div>\n\t\t\t\t<\/div>\n\t\t<div class=\"elementor-element elementor-element-2716d91 e-flex e-con-boxed e-con e-parent\" data-id=\"2716d91\" data-element_type=\"container\" data-e-type=\"container\" data-settings=\"{&quot;background_background&quot;:&quot;classic&quot;}\">\n\t\t\t\t\t<div class=\"e-con-inner\">\n\t\t<div class=\"elementor-element elementor-element-80f6de9 e-con-full e-flex e-con e-child\" data-id=\"80f6de9\" data-element_type=\"container\" data-e-type=\"container\">\n\t\t<div class=\"elementor-element elementor-element-06e2494 e-con-full e-flex e-con e-child\" data-id=\"06e2494\" data-element_type=\"container\" data-e-type=\"container\">\n\t\t\t\t<div class=\"elementor-element elementor-element-94e4502 elementor-widget elementor-widget-heading\" data-id=\"94e4502\" data-element_type=\"widget\" data-e-type=\"widget\" data-widget_type=\"heading.default\">\n\t\t\t\t<div class=\"elementor-widget-container\">\n\t\t\t\t\t<h2 class=\"elementor-heading-title elementor-size-default\">VISA DE INVERSOR E-2<\/h2>\t\t\t\t<\/div>\n\t\t\t\t<\/div>\n\t\t\t\t<div class=\"elementor-element elementor-element-7a1553d elementor-widget elementor-widget-text-editor\" data-id=\"7a1553d\" data-element_type=\"widget\" data-e-type=\"widget\" data-widget_type=\"text-editor.default\">\n\t\t\t\t<div class=\"elementor-widget-container\">\n\t\t\t\t\t\t\t\t\t<p>La visa E-2 es una excelente opci\u00f3n para inversores, emprendedores y propietarios de negocios que desean residir y trabajar en los Estados Unidos. El proceso de solicitud es sencillo, y el estatus E-2 puede renovarse indefinidamente.<\/p><p><strong>Requisitos<\/strong><\/p><p>Para calificar para una visa E-2, se deben cumplir dos requisitos principales:  El primer requisito es que el solicitante debe ser ciudadano de un pa\u00eds que tenga un tratado de comercio y navegaci\u00f3n con los Estados Unidos. Actualmente, m\u00e1s de 60 pa\u00edses cuentan con tales tratados.  Para ver la lista de pa\u00edses admisibles, haga clic <span style=\"color: #000000;\"><a style=\"color: #000000;\" href=\"https:\/\/travel.state.gov\/content\/travel\/en\/us-visas\/visa-information-resources\/fees\/treaty.html\">here<\/a><\/span>.<\/p><p>Para cumplir con el segundo requisito, el solicitante debe realizar una inversi\u00f3n en una empresa estadounidense. Esta inversi\u00f3n puede ser en forma de activos o capital. Se puede optar por iniciar un nuevo negocio, adquirir una empresa existente, o invertir en oportunidades de franquicias.<\/p><p>Aunque las regulaciones de la visa E-2 no establecen un monto m\u00ednimo de inversi\u00f3n, se recomienda una inversi\u00f3n de al menos USD $40,000. En general, cuanto mayor sea la inversi\u00f3n, mayores ser\u00e1n las posibilidades de que la solicitud sea aprobada.<\/p><p><strong>Beneficios<\/strong><\/p><p>Una de las principales ventajas de la visa E-2 es que no tiene un l\u00edmite de tiempo para residir y trabajar en los Estados Unidos, siempre y cuando se sigan cumpliendo los requisitos de la visa.  El estatus puede extenderse indefinidamente.  Adem\u00e1s, los familiares inmediatos del solicitante principal tambi\u00e9n pueden obtener el estatus E-2.  Los c\u00f3nyuges tienen derecho a trabajar en el pa\u00eds, y los hijos pueden asistir a la escuela.<\/p><p><strong>Visa E-2 Para Empleados<\/strong><\/p><p>El programa E-2 es \u00fanico en que los empleados del inversor tambi\u00e9n pueden solicitar el estatuto E-2 (siempre y cuando cumplan con los requisitos necesarios). Los empleados pueden solicitarlo junto con, o en lugar del, inversor principal.   Adem\u00e1s, no se requiere ninguna inversi\u00f3n financiera por parte del empleado.<\/p>\t\t\t\t\t\t\t\t<\/div>\n\t\t\t\t<\/div>\n\t\t\t\t<\/div>\n\t\t<div class=\"elementor-element elementor-element-80febb5 e-con-full e-flex e-con e-child\" data-id=\"80febb5\" data-element_type=\"container\" data-e-type=\"container\">\n\t\t\t\t<div class=\"elementor-element elementor-element-e5d76c6 elementor-widget__width-initial elementor-widget-mobile__width-inherit custom-height-sections elementor-widget elementor-widget-image\" data-id=\"e5d76c6\" data-element_type=\"widget\" data-e-type=\"widget\" data-widget_type=\"image.default\">\n\t\t\t\t<div class=\"elementor-widget-container\">\n\t\t\t\t\t\t\t\t\t\t\t\t\t\t\t<img fetchpriority=\"high\" decoding=\"async\" width=\"800\" height=\"800\" src=\"https:\/\/jurisvisas.com\/wp-content\/uploads\/2024\/08\/visa-investor.webp\" class=\"attachment-full size-full wp-image-3616\" alt=\"\" srcset=\"https:\/\/jurisvisas.com\/wp-content\/uploads\/2024\/08\/visa-investor.webp 800w, https:\/\/jurisvisas.com\/wp-content\/uploads\/2024\/08\/visa-investor-300x300.webp 300w, https:\/\/jurisvisas.com\/wp-content\/uploads\/2024\/08\/visa-investor-150x150.webp 150w, https:\/\/jurisvisas.com\/wp-content\/uploads\/2024\/08\/visa-investor-768x768.webp 768w, https:\/\/jurisvisas.com\/wp-content\/uploads\/2024\/08\/visa-investor-12x12.webp 12w\" sizes=\"(max-width: 800px) 100vw, 800px\" \/>\t\t\t\t\t\t\t\t\t\t\t\t\t\t\t<\/div>\n\t\t\t\t<\/div>\n\t\t\t\t<\/div>\n\t\t\t\t<\/div>\n\t\t\t\t\t<\/div>\n\t\t\t\t<\/div>\n\t\t<div class=\"elementor-element elementor-element-192a155 e-flex e-con-boxed e-con e-parent\" data-id=\"192a155\" data-element_type=\"container\" data-e-type=\"container\" data-settings=\"{&quot;background_background&quot;:&quot;classic&quot;}\">\n\t\t\t\t\t<div class=\"e-con-inner\">\n\t\t<div class=\"elementor-element elementor-element-d65f553 e-con-full e-flex e-con e-child\" data-id=\"d65f553\" data-element_type=\"container\" data-e-type=\"container\">\n\t\t<div class=\"elementor-element elementor-element-f103b07 e-con-full e-flex e-con e-child\" data-id=\"f103b07\" data-element_type=\"container\" data-e-type=\"container\">\n\t\t\t\t<div class=\"elementor-element elementor-element-ca7469d elementor-hidden-mobile elementor-widget elementor-widget-heading\" data-id=\"ca7469d\" data-element_type=\"widget\" data-e-type=\"widget\" data-widget_type=\"heading.default\">\n\t\t\t\t<div class=\"elementor-widget-container\">\n\t\t\t\t\t<h2 class=\"elementor-heading-title elementor-size-default\">VISA DE INVERSOR EB-5<\/h2>\t\t\t\t<\/div>\n\t\t\t\t<\/div>\n\t\t\t\t<div class=\"elementor-element elementor-element-05284a7 elementor-widget elementor-widget-text-editor\" data-id=\"05284a7\" data-element_type=\"widget\" data-e-type=\"widget\" data-widget_type=\"text-editor.default\">\n\t\t\t\t<div class=\"elementor-widget-container\">\n\t\t\t\t\t\t\t\t\t<p>La visa EB-5 ofrece una v\u00eda directa hacia la residencia permanente en Estados Unidos.  Promulgado por el congreso de EE.UU. en 1990, el programa EB-5 tiene como objetivo fomentar el crecimiento econ\u00f3mico a trav\u00e9s de la inversi\u00f3n extranjera.<\/p><p><strong>Requisitos<\/strong><\/p><p>El programa EB-5 requiere una inversi\u00f3n de capital significativa en una empresa estadounidense, junto con la creaci\u00f3n de al menos 10 puestos de trabajo permanentes a tiempo completo para trabajadores estadounidenses a trav\u00e9s de la inversi\u00f3n.<\/p><p>El solicitante puede optar por realizar una inversi\u00f3n directa en un negocio que poseer\u00e1 y gestionar\u00e1, o invertir en un Centro Regional EB-5 aprobado por el gobierno. Un Centro Regional es una entidad empresarial autorizada para captar fondos de diversos inversores y gestionar tanto el proyecto de inversi\u00f3n como el proceso de creaci\u00f3n de empleos necesario.<\/p><p>El monto m\u00ednimo de inversi\u00f3n para una visa EB-5 es actualmente de USD 800,000.<\/p><p><strong>\u00a0<\/strong><strong>Beneficios<\/strong><\/p><p>El programa EB-5 ofrece numerosas ventajas, entre las cuales destacan que no se requiere una oferta de empleo ni otro tipo de patrocinio. Adem\u00e1s, el inversor y su familia tienen la libertad de vivir, trabajar y estudiar en cualquier lugar del pa\u00eds que elijan. Una vez aprobado el caso, el solicitante y su familia disfrutan de todos los beneficios y privilegios de la residencia permanente y tambi\u00e9n pueden solicitar la ciudadan\u00eda estadounidense si as\u00ed lo desean.<\/p><p><strong>Abogados Especializados en Visas de Inversi\u00f3n<\/strong><\/p><p>Para asegurar un resultado exitoso, es crucial contar con abogados de inmigraci\u00f3n experimentados en la preparaci\u00f3n de solicitudes de visas de inversi\u00f3n. En Juris Immigration, explicamos detalladamente todos los requisitos para que comprenda cada paso del proceso. Trabajamos estrechamente con usted para dise\u00f1ar una estrategia que cumpla con sus objetivos personales y financieros. Nos aseguramos de que todos los requisitos t\u00e9cnicos se cumplan para que el proceso de solicitud sea fluido, sin contratiempos y exitoso.<\/p><p><strong>Consulta<\/strong><\/p><p class=\"translation-block\">Para m\u00e1s informaci\u00f3n sobre visas para inversores, puede programar una cita para hablar con nosotros. En <em>Juris Immigration<\/em>, su consulta sin costo siempre ser\u00e1 con un abogado licenciado. No le pedimos a clientes que hablen con vendedores.<\/p>\t\t\t\t\t\t\t\t<\/div>\n\t\t\t\t<\/div>\n\t\t\t\t<div class=\"elementor-element elementor-element-f3285e7 elementor-align-center elementor-tablet-align-left elementor-widget__width-inherit elementor-mobile-align-center elementor-widget elementor-widget-button\" data-id=\"f3285e7\" data-element_type=\"widget\" data-e-type=\"widget\" data-widget_type=\"button.default\">\n\t\t\t\t<div class=\"elementor-widget-container\">\n\t\t\t\t\t\t\t\t\t<div class=\"elementor-button-wrapper\">\n\t\t\t\t\t<a class=\"elementor-button elementor-button-link elementor-size-sm\" href=\"\/es\/schedule-a-consultation\/\">\n\t\t\t\t\t\t<span class=\"elementor-button-content-wrapper\">\n\t\t\t\t\t\t\t\t\t<span class=\"elementor-button-text\">Programe una consulta<\/span>\n\t\t\t\t\t<\/span>\n\t\t\t\t\t<\/a>\n\t\t\t\t<\/div>\n\t\t\t\t\t\t\t\t<\/div>\n\t\t\t\t<\/div>\n\t\t\t\t<\/div>\n\t\t<div class=\"elementor-element elementor-element-8986fef e-con-full e-flex e-con e-child\" data-id=\"8986fef\" data-element_type=\"container\" data-e-type=\"container\">\n\t\t\t\t<div class=\"elementor-element elementor-element-ee15b52 elementor-widget__width-initial elementor-widget-mobile__width-inherit elementor-widget elementor-widget-image\" data-id=\"ee15b52\" data-element_type=\"widget\" data-e-type=\"widget\" data-widget_type=\"image.default\">\n\t\t\t\t<div class=\"elementor-widget-container\">\n\t\t\t\t\t\t\t\t\t\t\t\t\t\t\t<img decoding=\"async\" width=\"800\" height=\"800\" src=\"https:\/\/jurisvisas.com\/wp-content\/uploads\/2024\/08\/INVESTOR-VISAS.webp\" class=\"attachment-full size-full wp-image-3597\" alt=\"\" srcset=\"https:\/\/jurisvisas.com\/wp-content\/uploads\/2024\/08\/INVESTOR-VISAS.webp 800w, https:\/\/jurisvisas.com\/wp-content\/uploads\/2024\/08\/INVESTOR-VISAS-300x300.webp 300w, https:\/\/jurisvisas.com\/wp-content\/uploads\/2024\/08\/INVESTOR-VISAS-150x150.webp 150w, https:\/\/jurisvisas.com\/wp-content\/uploads\/2024\/08\/INVESTOR-VISAS-768x768.webp 768w, https:\/\/jurisvisas.com\/wp-content\/uploads\/2024\/08\/INVESTOR-VISAS-12x12.webp 12w\" sizes=\"(max-width: 800px) 100vw, 800px\" \/>\t\t\t\t\t\t\t\t\t\t\t\t\t\t\t<\/div>\n\t\t\t\t<\/div>\n\t\t\t\t<\/div>\n\t\t\t\t<div class=\"elementor-element elementor-element-c3f62c2 elementor-hidden-widescreen elementor-hidden-desktop elementor-hidden-laptop elementor-hidden-tablet_extra elementor-hidden-tablet elementor-hidden-mobile_extra elementor-widget elementor-widget-heading\" data-id=\"c3f62c2\" data-element_type=\"widget\" data-e-type=\"widget\" data-widget_type=\"heading.default\">\n\t\t\t\t<div class=\"elementor-widget-container\">\n\t\t\t\t\t<h2 class=\"elementor-heading-title elementor-size-default\">EB-5 INVESTOR  Visa<\/h2>\t\t\t\t<\/div>\n\t\t\t\t<\/div>\n\t\t\t\t<\/div>\n\t\t\t\t\t<\/div>\n\t\t\t\t<\/div>\n\t\t\t\t<\/div>","protected":false},"excerpt":{"rendered":"<p>Investor Visas The E-2 visa and the EB-5 visa offer investors ideal opportunities for relocating to the United States.\u00a0 E-2 INVESTOR VISA The E-2 visa offers an excellent opportunity for investors, entrepreneurs and business owners to live and work in the United States. The E-2 visa application process is straight forward, and E-2 status can [&hellip;]<\/p>\n","protected":false},"author":4,"featured_media":0,"parent":0,"menu_order":0,"comment_status":"closed","ping_status":"closed","template":"","meta":{"nf_dc_page":"","footnotes":""},"class_list":["post-959","page","type-page","status-publish","hentry"],"_links":{"self":[{"href":"https:\/\/jurisvisas.com\/es\/wp-json\/wp\/v2\/pages\/959","targetHints":{"allow":["GET"]}}],"collection":[{"href":"https:\/\/jurisvisas.com\/es\/wp-json\/wp\/v2\/pages"}],"about":[{"href":"https:\/\/jurisvisas.com\/es\/wp-json\/wp\/v2\/types\/page"}],"author":[{"embeddable":true,"href":"https:\/\/jurisvisas.com\/es\/wp-json\/wp\/v2\/users\/4"}],"replies":[{"embeddable":true,"href":"https:\/\/jurisvisas.com\/es\/wp-json\/wp\/v2\/comments?post=959"}],"version-history":[{"count":20,"href":"https:\/\/jurisvisas.com\/es\/wp-json\/wp\/v2\/pages\/959\/revisions"}],"predecessor-version":[{"id":5548,"href":"https:\/\/jurisvisas.com\/es\/wp-json\/wp\/v2\/pages\/959\/revisions\/5548"}],"wp:attachment":[{"href":"https:\/\/jurisvisas.com\/es\/wp-json\/wp\/v2\/media?parent=959"}],"curies":[{"name":"wp","href":"https:\/\/api.w.org\/{rel}","templated":true}]}}