{"id":951,"date":"2024-05-21T07:36:45","date_gmt":"2024-05-21T07:36:45","guid":{"rendered":"https:\/\/jurisvisas.com\/?page_id=951"},"modified":"2025-01-29T19:56:15","modified_gmt":"2025-01-29T19:56:15","slug":"eb-1a","status":"publish","type":"page","link":"https:\/\/jurisvisas.com\/es\/eb-1a\/","title":{"rendered":"Visa EB-1A"},"content":{"rendered":"<div data-elementor-type=\"wp-page\" data-elementor-id=\"951\" class=\"elementor elementor-951\" data-elementor-post-type=\"page\">\n\t\t\t\t<div class=\"elementor-element elementor-element-ea306df e-flex e-con-boxed e-con e-parent\" data-id=\"ea306df\" data-element_type=\"container\" data-e-type=\"container\" data-settings=\"{&quot;background_background&quot;:&quot;classic&quot;}\">\n\t\t\t\t\t<div class=\"e-con-inner\">\n\t\t\t\t<div class=\"elementor-element elementor-element-dd29b07 elementor-widget elementor-widget-heading\" data-id=\"dd29b07\" data-element_type=\"widget\" data-e-type=\"widget\" data-widget_type=\"heading.default\">\n\t\t\t\t<div class=\"elementor-widget-container\">\n\t\t\t\t\t<h1 class=\"elementor-heading-title elementor-size-default\">VISA EB-1A<\/h1>\t\t\t\t<\/div>\n\t\t\t\t<\/div>\n\t\t\t\t<div class=\"elementor-element elementor-element-2a18963 elementor-widget elementor-widget-text-editor\" data-id=\"2a18963\" data-element_type=\"widget\" data-e-type=\"widget\" data-widget_type=\"text-editor.default\">\n\t\t\t\t<div class=\"elementor-widget-container\">\n\t\t\t\t\t\t\t\t\t<p>La visa EB-1A ofrece un camino hacia un Green Card con tiempos de procesamiento m\u00e1s cortos que la mayor\u00eda de las otras categor\u00edas de visas.<\/p>\t\t\t\t\t\t\t\t<\/div>\n\t\t\t\t<\/div>\n\t\t\t\t\t<\/div>\n\t\t\t\t<\/div>\n\t\t<div class=\"elementor-element elementor-element-9acd7cd e-flex e-con-boxed e-con e-parent\" data-id=\"9acd7cd\" data-element_type=\"container\" data-e-type=\"container\" data-settings=\"{&quot;background_background&quot;:&quot;classic&quot;}\">\n\t\t\t\t\t<div class=\"e-con-inner\">\n\t\t<div class=\"elementor-element elementor-element-b7778be e-con-full e-flex e-con e-child\" data-id=\"b7778be\" data-element_type=\"container\" data-e-type=\"container\">\n\t\t<div class=\"elementor-element elementor-element-e989678 e-con-full e-flex e-con e-child\" data-id=\"e989678\" data-element_type=\"container\" data-e-type=\"container\">\n\t\t\t\t<div class=\"elementor-element elementor-element-44077a3 elementor-widget elementor-widget-heading\" data-id=\"44077a3\" data-element_type=\"widget\" data-e-type=\"widget\" data-widget_type=\"heading.default\">\n\t\t\t\t<div class=\"elementor-widget-container\">\n\t\t\t\t\t<h2 class=\"elementor-heading-title elementor-size-default\">VISA EB-1A<\/h2>\t\t\t\t<\/div>\n\t\t\t\t<\/div>\n\t\t\t\t<div class=\"elementor-element elementor-element-61b2819 elementor-widget elementor-widget-text-editor\" data-id=\"61b2819\" data-element_type=\"widget\" data-e-type=\"widget\" data-widget_type=\"text-editor.default\">\n\t\t\t\t<div class=\"elementor-widget-container\">\n\t\t\t\t\t\t\t\t\t<p style=\"text-align: left;\">La visa EB-1A, tambi\u00e9n conocida como Visa de Habilidad Extraordinaria, es una visa de residencia permanente en EE.UU. dise\u00f1ada para atraer a personas que poseen habilidades extraordinarias en deportes, negocios, artes, ciencias o educaci\u00f3n.\u00a0<\/p><p style=\"text-align: left;\"><strong>\u00a0<\/strong><strong>Requisitos<\/strong><\/p><p style=\"text-align: left;\">La visa EB-1A es competitiva y requiere evidencia sustancial que demuestre que el solicitante est\u00e1 en la cima de su campo.  Los logros deben reflejar un nivel sostenido de reconocimiento y mostrar que el solicitante ha tenido un impacto significativo en su \u00e1rea de especializaci\u00f3n.<\/p><p style=\"text-align: left;\">Las pruebas que demuestren una capacidad extraordinaria pueden incluir:<\/p><ul style=\"text-align: left;\"><li>Recepci\u00f3n de premios o distinciones de relevancia nacional o internacional.<\/li><li>Membres\u00eda en asociaciones que requieren logros destacados.<\/li><li>Art\u00edculos o estudios sobre el trabajo del solicitante.<\/li><li>Aportes de gran impacto en el campo.<\/li><li>Salario o remuneraci\u00f3n superior comparado con otros en la misma \u00e1rea.<\/li><\/ul><p style=\"text-align: left;\"><strong>Beneficios<\/strong><\/p><p style=\"text-align: left;\">La visa EB-1A ofrece un camino directo hacia la residencia permanente en Estados Unidos, con un proceso de solicitud m\u00e1s r\u00e1pido en comparaci\u00f3n con muchas otras categor\u00edas de visas.  Adem\u00e1s, los solicitantes pueden auto-peticionar, lo que significa que no se requiere una oferta de trabajo ni patrocinio adicional en el pa\u00eds.<\/p><p style=\"text-align: left;\">Una vez aprobada la solicitud, el solicitante disfruta de todos los derechos y privilegios de la residencia permanente. Los familiares inmediatos tambi\u00e9n pueden obtener la residencia permanente junto con el solicitante principal y son elegibles para solicitar la ciudadan\u00eda estadounidense.<\/p><p style=\"text-align: left;\"><strong>Abogados Especializados en la visa EB-1A<\/strong><\/p><p style=\"text-align: left;\">En Juris Immigration, nuestra amplia experiencia en la preparaci\u00f3n de solicitudes EB-1A asegura que sus antecedentes y calificaciones \u00fanicas se presentar\u00e1n de una manera que maximizar\u00e1 sus posibilidades de aprobaci\u00f3n.<\/p><p><strong>Consulta<\/strong><\/p><p>Para m\u00e1s informaci\u00f3n sobre la visa EB-1A, puede programar una cita para hablar con nosotros. En <em>Juris Immigration<\/em>,  su consulta sin costo siempre ser\u00e1 con un abogado licenciado. No le pedimos a clientes que hablen con vendedores.<\/p>\t\t\t\t\t\t\t\t<\/div>\n\t\t\t\t<\/div>\n\t\t\t\t<div class=\"elementor-element elementor-element-9db2d17 elementor-align-center elementor-tablet-align-left elementor-widget__width-inherit elementor-mobile-align-center elementor-widget elementor-widget-button\" data-id=\"9db2d17\" data-element_type=\"widget\" data-e-type=\"widget\" data-widget_type=\"button.default\">\n\t\t\t\t<div class=\"elementor-widget-container\">\n\t\t\t\t\t\t\t\t\t<div class=\"elementor-button-wrapper\">\n\t\t\t\t\t<a class=\"elementor-button elementor-button-link elementor-size-sm\" href=\"\/es\/schedule-a-consultation\/\">\n\t\t\t\t\t\t<span class=\"elementor-button-content-wrapper\">\n\t\t\t\t\t\t\t\t\t<span class=\"elementor-button-text\">Programe una consulta<\/span>\n\t\t\t\t\t<\/span>\n\t\t\t\t\t<\/a>\n\t\t\t\t<\/div>\n\t\t\t\t\t\t\t\t<\/div>\n\t\t\t\t<\/div>\n\t\t\t\t<\/div>\n\t\t<div class=\"elementor-element elementor-element-1b6ab5c e-con-full e-flex e-con e-child\" data-id=\"1b6ab5c\" data-element_type=\"container\" data-e-type=\"container\">\n\t\t\t\t<div class=\"elementor-element elementor-element-3d1ea77 elementor-widget__width-initial elementor-widget-mobile__width-inherit custom-height-sections elementor-widget elementor-widget-image\" data-id=\"3d1ea77\" data-element_type=\"widget\" data-e-type=\"widget\" data-widget_type=\"image.default\">\n\t\t\t\t<div class=\"elementor-widget-container\">\n\t\t\t\t\t\t\t\t\t\t\t\t\t\t\t<img fetchpriority=\"high\" decoding=\"async\" width=\"800\" height=\"800\" src=\"https:\/\/jurisvisas.com\/wp-content\/uploads\/2024\/08\/eb2.webp\" class=\"attachment-full size-full wp-image-3681\" alt=\"\" srcset=\"https:\/\/jurisvisas.com\/wp-content\/uploads\/2024\/08\/eb2.webp 800w, https:\/\/jurisvisas.com\/wp-content\/uploads\/2024\/08\/eb2-300x300.webp 300w, https:\/\/jurisvisas.com\/wp-content\/uploads\/2024\/08\/eb2-150x150.webp 150w, https:\/\/jurisvisas.com\/wp-content\/uploads\/2024\/08\/eb2-768x768.webp 768w, https:\/\/jurisvisas.com\/wp-content\/uploads\/2024\/08\/eb2-12x12.webp 12w\" sizes=\"(max-width: 800px) 100vw, 800px\" \/>\t\t\t\t\t\t\t\t\t\t\t\t\t\t\t<\/div>\n\t\t\t\t<\/div>\n\t\t\t\t<\/div>\n\t\t\t\t<\/div>\n\t\t\t\t\t<\/div>\n\t\t\t\t<\/div>\n\t\t\t\t<\/div>","protected":false},"excerpt":{"rendered":"<p>EB-1A VISA The EB-1A visa is a path to U.S. permanent residency which offers shorter processing times and lower wait times for green cards than most other visa categories. EB-1A VISA The EB-1A visa, also known as the Extraordinary Ability visa, is a U.S. permanent residency visa designed to attract individuals who possess extraordinary ability [&hellip;]<\/p>\n","protected":false},"author":4,"featured_media":0,"parent":0,"menu_order":0,"comment_status":"closed","ping_status":"closed","template":"","meta":{"nf_dc_page":"","footnotes":""},"class_list":["post-951","page","type-page","status-publish","hentry"],"_links":{"self":[{"href":"https:\/\/jurisvisas.com\/es\/wp-json\/wp\/v2\/pages\/951","targetHints":{"allow":["GET"]}}],"collection":[{"href":"https:\/\/jurisvisas.com\/es\/wp-json\/wp\/v2\/pages"}],"about":[{"href":"https:\/\/jurisvisas.com\/es\/wp-json\/wp\/v2\/types\/page"}],"author":[{"embeddable":true,"href":"https:\/\/jurisvisas.com\/es\/wp-json\/wp\/v2\/users\/4"}],"replies":[{"embeddable":true,"href":"https:\/\/jurisvisas.com\/es\/wp-json\/wp\/v2\/comments?post=951"}],"version-history":[{"count":20,"href":"https:\/\/jurisvisas.com\/es\/wp-json\/wp\/v2\/pages\/951\/revisions"}],"predecessor-version":[{"id":5560,"href":"https:\/\/jurisvisas.com\/es\/wp-json\/wp\/v2\/pages\/951\/revisions\/5560"}],"wp:attachment":[{"href":"https:\/\/jurisvisas.com\/es\/wp-json\/wp\/v2\/media?parent=951"}],"curies":[{"name":"wp","href":"https:\/\/api.w.org\/{rel}","templated":true}]}}