{"id":713,"date":"2024-05-21T05:38:54","date_gmt":"2024-05-21T05:38:54","guid":{"rendered":"https:\/\/jurisvisas.com\/?page_id=713"},"modified":"2025-01-29T19:55:35","modified_gmt":"2025-01-29T19:55:35","slug":"eb2-niw","status":"publish","type":"page","link":"https:\/\/jurisvisas.com\/es\/eb2-niw\/","title":{"rendered":"EB2 NIW"},"content":{"rendered":"<div data-elementor-type=\"wp-page\" data-elementor-id=\"713\" class=\"elementor elementor-713\" data-elementor-post-type=\"page\">\n\t\t\t\t<div class=\"elementor-element elementor-element-e89b370 e-flex e-con-boxed e-con e-parent\" data-id=\"e89b370\" data-element_type=\"container\" data-e-type=\"container\" data-settings=\"{&quot;background_background&quot;:&quot;classic&quot;}\">\n\t\t\t\t\t<div class=\"e-con-inner\">\n\t\t\t\t<div class=\"elementor-element elementor-element-da9a152 elementor-widget elementor-widget-heading\" data-id=\"da9a152\" data-element_type=\"widget\" data-e-type=\"widget\" data-widget_type=\"heading.default\">\n\t\t\t\t<div class=\"elementor-widget-container\">\n\t\t\t\t\t<h1 class=\"elementor-heading-title elementor-size-default\">Visa EB-2 por Inter\u00e9s Nacional<\/h1>\t\t\t\t<\/div>\n\t\t\t\t<\/div>\n\t\t\t\t<div class=\"elementor-element elementor-element-8026196 elementor-widget elementor-widget-text-editor\" data-id=\"8026196\" data-element_type=\"widget\" data-e-type=\"widget\" data-widget_type=\"text-editor.default\">\n\t\t\t\t<div class=\"elementor-widget-container\">\n\t\t\t\t\t\t\t\t\t<p>La visa EB-2 por Inter\u00e9s Nacional ofrece una v\u00eda r\u00e1pida hacia la residencia permanente en EE. UU.  No se requiere una oferta de empleo ni patrocinio estadounidense.\u00a0<\/p>\t\t\t\t\t\t\t\t<\/div>\n\t\t\t\t<\/div>\n\t\t\t\t\t<\/div>\n\t\t\t\t<\/div>\n\t\t<div class=\"elementor-element elementor-element-10b6f0d e-flex e-con-boxed e-con e-parent\" data-id=\"10b6f0d\" data-element_type=\"container\" data-e-type=\"container\" data-settings=\"{&quot;background_background&quot;:&quot;classic&quot;}\">\n\t\t\t\t\t<div class=\"e-con-inner\">\n\t\t<div class=\"elementor-element elementor-element-de4fa05 e-con-full e-flex e-con e-child\" data-id=\"de4fa05\" data-element_type=\"container\" data-e-type=\"container\">\n\t\t<div class=\"elementor-element elementor-element-f1d1367 e-con-full e-flex e-con e-child\" data-id=\"f1d1367\" data-element_type=\"container\" data-e-type=\"container\">\n\t\t\t\t<div class=\"elementor-element elementor-element-f2f0d9b elementor-widget elementor-widget-heading\" data-id=\"f2f0d9b\" data-element_type=\"widget\" data-e-type=\"widget\" data-widget_type=\"heading.default\">\n\t\t\t\t<div class=\"elementor-widget-container\">\n\t\t\t\t\t<h2 class=\"elementor-heading-title elementor-size-default\">VISA EB-2 por Inter\u00e9s Nacional<\/h2>\t\t\t\t<\/div>\n\t\t\t\t<\/div>\n\t\t\t\t<div class=\"elementor-element elementor-element-599d36b elementor-widget elementor-widget-text-editor\" data-id=\"599d36b\" data-element_type=\"widget\" data-e-type=\"widget\" data-widget_type=\"text-editor.default\">\n\t\t\t\t<div class=\"elementor-widget-container\">\n\t\t\t\t\t\t\t\t\t<p>La visa EB-2 por Inter\u00e9s Nacional (conocida como \"National Interest Waiver\" o \"NIW\" en ingl\u00e9s), es una de las formas m\u00e1s r\u00e1pidas y sencillas de obtener la residencia permanente en los EE.UU.<\/p><p><strong>Requisitos<\/strong><\/p><p>La visa EB-2 por Inter\u00e9s Nacional est\u00e1 disponible para personas que posean un t\u00edtulo de licenciatura o superior, y que tienen el deseo de utilizar su experiencia y habilidades para contribuir a la econom\u00eda y a la sociedad estadounidenses.\u00a0<\/p><p>Aunque no es muy conocido, la visa EB-2 NIW tambi\u00e9n est\u00e1 disponible para solicitantes sin una licenciatura.  Para estos solicitantes, hay que demostrar que poseen una \u00abcapacidad excepcional\u00bb en su campo.\u00a0\u00a0<\/p><p>Personas de cualquier industria o profesi\u00f3n son elegibles para la visa EB-2 NIW.   La elegibilidad no esta basada en alguna profesi\u00f3n en particular.  En cambio, lo que resulta en una aprobaci\u00f3n es la capacidad del solicitante de demostrar que sus antecedentes y  habilidades pueden ser de beneficio para los Estados Unidos.<\/p><p><strong>Beneficios<\/strong><\/p><p>La visa EB-2 NIW ofrece numerosos beneficios, siendo una de las v\u00edas m\u00e1s r\u00e1pidas y accesibles para obtener la residencia permanente en los Estados Unidos.  Uno de sus principales atractivos es que no requiere un patrocinador ni una oferta de empleo en el pa\u00eds. Adem\u00e1s, a diferencia de otras visas, la EB-2 NIW no exige una inversi\u00f3n econ\u00f3mica por parte del solicitante.<\/p><p>Una vez aprobada, esta visa otorga residencia permanente no solo al solicitante principal, sino tambi\u00e9n a sus familiares.   Esto les permite trabajar, estudiar, viajar y disfrutar de todas las ventajas de la residencia permanente en Estados Unidos.  Asimismo, tienen la opci\u00f3n de solicitar la ciudadan\u00eda estadounidense si as\u00ed lo desean.<\/p><p><strong>Abogados Especializados en la visa EB-2 NIW<\/strong><\/p><p>Para garantizar una petici\u00f3n EB-2 NIW exitosa, es crucial contar con abogados especializados que puedan destacar de manera efectiva los aspectos clave del perfil del solicitante.  Estos profesionales deben argumentar de manera persuasiva c\u00f3mo la experiencia particular del solicitante beneficiar\u00e1 a Estados Unidos.<\/p><p>Con una amplia trayectoria en la gesti\u00f3n de casos exitosos de EB-2 NIW, los abogados de <em>Juris Immigration<\/em> trabajan en estrecha colaboraci\u00f3n con nuestros clientes para dise\u00f1ar estrategias personalizadas seg\u00fan cada situaci\u00f3n. <em>Juris Immigration<\/em> work closely with our clients to develop customized strategies for each case.<\/p><p>Nos encargamos de reunir toda la documentaci\u00f3n necesaria para respaldar la petici\u00f3n, incluyendo las esenciales cartas de recomendaci\u00f3n y cartas de inter\u00e9s.  Adem\u00e1s, durante el proceso de preparaci\u00f3n de su caso, le brindaremos asesoramiento sobre posibles acciones adicionales que puede tomar para fortalecer a\u00fan m\u00e1s su solicitud.<\/p>\t\t\t\t\t\t\t\t<\/div>\n\t\t\t\t<\/div>\n\t\t\t\t<div class=\"elementor-element elementor-element-0632b19 elementor-widget elementor-widget-text-editor\" data-id=\"0632b19\" data-element_type=\"widget\" data-e-type=\"widget\" data-widget_type=\"text-editor.default\">\n\t\t\t\t<div class=\"elementor-widget-container\">\n\t\t\t\t\t\t\t\t\t<p><strong>Consulta<\/strong><\/p><p class=\"translation-block\">Para m\u00e1s informaci\u00f3n sobre la visa EB-2 NIW, puede programar una cita para hablar con nosotros. En <em>Juris Immigration<\/em>,  su consulta sin costo siempre ser\u00e1 con un abogado licenciado. No le pedimos a clientes que hablen con vendedores.<\/p>\t\t\t\t\t\t\t\t<\/div>\n\t\t\t\t<\/div>\n\t\t\t\t<div class=\"elementor-element elementor-element-2422a25 elementor-align-center elementor-tablet-align-left elementor-widget__width-inherit elementor-mobile-align-center elementor-widget elementor-widget-button\" data-id=\"2422a25\" data-element_type=\"widget\" data-e-type=\"widget\" data-widget_type=\"button.default\">\n\t\t\t\t<div class=\"elementor-widget-container\">\n\t\t\t\t\t\t\t\t\t<div class=\"elementor-button-wrapper\">\n\t\t\t\t\t<a class=\"elementor-button elementor-button-link elementor-size-sm\" href=\"\/es\/schedule-a-consultation\/\">\n\t\t\t\t\t\t<span class=\"elementor-button-content-wrapper\">\n\t\t\t\t\t\t\t\t\t<span class=\"elementor-button-text\">Programe una consulta<\/span>\n\t\t\t\t\t<\/span>\n\t\t\t\t\t<\/a>\n\t\t\t\t<\/div>\n\t\t\t\t\t\t\t\t<\/div>\n\t\t\t\t<\/div>\n\t\t\t\t<\/div>\n\t\t<div class=\"elementor-element elementor-element-58e59a6 e-con-full e-flex e-con e-child\" data-id=\"58e59a6\" data-element_type=\"container\" data-e-type=\"container\">\n\t\t\t\t<div class=\"elementor-element elementor-element-4a1ab0a elementor-widget__width-initial elementor-widget-mobile__width-inherit custom-height-sections elementor-widget elementor-widget-image\" data-id=\"4a1ab0a\" data-element_type=\"widget\" data-e-type=\"widget\" data-widget_type=\"image.default\">\n\t\t\t\t<div class=\"elementor-widget-container\">\n\t\t\t\t\t\t\t\t\t\t\t\t\t\t\t<img fetchpriority=\"high\" decoding=\"async\" width=\"841\" height=\"840\" src=\"https:\/\/jurisvisas.com\/wp-content\/uploads\/2024\/12\/EB-2-NIW\u200b.jpg\" class=\"attachment-full size-full wp-image-3553\" alt=\"\" srcset=\"https:\/\/jurisvisas.com\/wp-content\/uploads\/2024\/12\/EB-2-NIW\u200b.jpg 841w, https:\/\/jurisvisas.com\/wp-content\/uploads\/2024\/12\/EB-2-NIW\u200b-300x300.jpg 300w, https:\/\/jurisvisas.com\/wp-content\/uploads\/2024\/12\/EB-2-NIW\u200b-150x150.jpg 150w, https:\/\/jurisvisas.com\/wp-content\/uploads\/2024\/12\/EB-2-NIW\u200b-768x767.jpg 768w, https:\/\/jurisvisas.com\/wp-content\/uploads\/2024\/12\/EB-2-NIW\u200b-12x12.jpg 12w\" sizes=\"(max-width: 841px) 100vw, 841px\" \/>\t\t\t\t\t\t\t\t\t\t\t\t\t\t\t<\/div>\n\t\t\t\t<\/div>\n\t\t\t\t<\/div>\n\t\t\t\t<\/div>\n\t\t\t\t\t<\/div>\n\t\t\t\t<\/div>\n\t\t\t\t<\/div>","protected":false},"excerpt":{"rendered":"<p>EB-2 National Interest Waiver (NIW) The EB-2 NIW visa offers a fast-track to U.S. permanent residency.\u00a0 No employment offer or U.S sponsorship is required.\u00a0 EB-2 NIW The EB-2 National Interest Waiver (NIW) visa is one of the fastest and simplest ways to obtain U.S. permanent residency (also known as a \u201cgreen card\u201d). Eligibility The EB-2 [&hellip;]<\/p>\n","protected":false},"author":4,"featured_media":0,"parent":0,"menu_order":0,"comment_status":"closed","ping_status":"closed","template":"","meta":{"nf_dc_page":"","footnotes":""},"class_list":["post-713","page","type-page","status-publish","hentry"],"_links":{"self":[{"href":"https:\/\/jurisvisas.com\/es\/wp-json\/wp\/v2\/pages\/713","targetHints":{"allow":["GET"]}}],"collection":[{"href":"https:\/\/jurisvisas.com\/es\/wp-json\/wp\/v2\/pages"}],"about":[{"href":"https:\/\/jurisvisas.com\/es\/wp-json\/wp\/v2\/types\/page"}],"author":[{"embeddable":true,"href":"https:\/\/jurisvisas.com\/es\/wp-json\/wp\/v2\/users\/4"}],"replies":[{"embeddable":true,"href":"https:\/\/jurisvisas.com\/es\/wp-json\/wp\/v2\/comments?post=713"}],"version-history":[{"count":20,"href":"https:\/\/jurisvisas.com\/es\/wp-json\/wp\/v2\/pages\/713\/revisions"}],"predecessor-version":[{"id":5551,"href":"https:\/\/jurisvisas.com\/es\/wp-json\/wp\/v2\/pages\/713\/revisions\/5551"}],"wp:attachment":[{"href":"https:\/\/jurisvisas.com\/es\/wp-json\/wp\/v2\/media?parent=713"}],"curies":[{"name":"wp","href":"https:\/\/api.w.org\/{rel}","templated":true}]}}