{"id":62,"date":"2024-05-03T07:43:59","date_gmt":"2024-05-03T07:43:59","guid":{"rendered":"https:\/\/jurisvisas.com\/?page_id=62"},"modified":"2025-01-29T19:56:54","modified_gmt":"2025-01-29T19:56:54","slug":"about","status":"publish","type":"page","link":"https:\/\/jurisvisas.com\/es\/about\/","title":{"rendered":"About"},"content":{"rendered":"<div data-elementor-type=\"wp-page\" data-elementor-id=\"62\" class=\"elementor elementor-62\" data-elementor-post-type=\"page\">\n\t\t\t\t<div class=\"elementor-element elementor-element-d5fc7a7 e-flex e-con-boxed e-con e-parent\" data-id=\"d5fc7a7\" data-element_type=\"container\" data-e-type=\"container\" data-settings=\"{&quot;background_background&quot;:&quot;classic&quot;}\">\n\t\t\t\t\t<div class=\"e-con-inner\">\n\t\t\t\t<div class=\"elementor-element elementor-element-561d619 elementor-widget elementor-widget-heading\" data-id=\"561d619\" data-element_type=\"widget\" data-e-type=\"widget\" data-widget_type=\"heading.default\">\n\t\t\t\t<div class=\"elementor-widget-container\">\n\t\t\t\t\t<h1 class=\"elementor-heading-title elementor-size-default\">Sobre Nosotros<\/h1>\t\t\t\t<\/div>\n\t\t\t\t<\/div>\n\t\t\t\t\t<\/div>\n\t\t\t\t<\/div>\n\t\t<div class=\"elementor-element elementor-element-43913cb e-flex e-con-boxed e-con e-parent\" data-id=\"43913cb\" data-element_type=\"container\" data-e-type=\"container\" data-settings=\"{&quot;background_background&quot;:&quot;classic&quot;}\">\n\t\t\t\t\t<div class=\"e-con-inner\">\n\t\t<div class=\"elementor-element elementor-element-9c80f72 e-con-full e-flex e-con e-child\" data-id=\"9c80f72\" data-element_type=\"container\" data-e-type=\"container\">\n\t\t<div class=\"elementor-element elementor-element-bf18b6c e-con-full e-flex e-con e-child\" data-id=\"bf18b6c\" data-element_type=\"container\" data-e-type=\"container\">\n\t\t\t\t<div class=\"elementor-element elementor-element-8a117e0 elementor-widget elementor-widget-text-editor\" data-id=\"8a117e0\" data-element_type=\"widget\" data-e-type=\"widget\" data-widget_type=\"text-editor.default\">\n\t\t\t\t<div class=\"elementor-widget-container\">\n\t\t\t\t\t\t\t\t\t<p>La Dra. Fabiana Reyes, socia principal de <em>Juris Immigration<\/em>, se ha especializado en la ley de inmigraci\u00f3n desde el inicio de su carrera jur\u00eddica.  Con m\u00e1s de 15 a\u00f1os en el sector, ha logrado obtener cientos de aprobaciones de visas para clientes de todas partes del mundo, con un enfoque en clientes de Am\u00e9rica Latina.  La Dra. Reyes ha trabajado en bufetes de abogados muy conocidos en el campo de inmigraci\u00f3n, as\u00ed como en un bufete global con m\u00e1s de 300 abogados.\u00a0<\/p><p>Dado que la ley de inmigraci\u00f3n tiene un impacto tan profundo en la vida de las personas, la Dra. Reyes quer\u00eda asegurarse de que cada caso asumido recib\u00eda el tiempo, la atenci\u00f3n y el rigor jur\u00eddico que merec\u00eda.  Por esta raz\u00f3n, lleg\u00f3 un momento en que decidi\u00f3 abrir su propio bufete.\u00a0<\/p><p class=\"translation-block\">Desde su creaci\u00f3n, <em>Juris Inmigration<\/em> ha ofrecido servicios a profesionales, empresarios, due\u00f1os de negocios, y personas en el atletismo y las artes que desean obtener visas para los Estados Unidos y obtener la residencia permanente en el pa\u00eds.<\/p><p>Originaria de Argentina, la Dra. Reyes cuenta con una formaci\u00f3n multicultural que enriquece su comprensi\u00f3n de las complejidades de inmigrar a los Estados Unidos, as\u00ed como de las recompensas de vivir en ese pa\u00eds.  La Dra. Reyes obtuvo su doctorado en la Facultad de Derecho cat\u00f3lica <em>Saint John\u2019s University<\/em>, situada en la ciudad de Nueva York, de donde se gradu\u00f3 con honores.<\/p><p class=\"translation-block\">Las oficinas de <em>Juris Immigration<\/em> est\u00e1n ubicadas en el bello centro de Fort Lauderdale, Florida, en los Estados Unidos.<\/p>\t\t\t\t\t\t\t\t<\/div>\n\t\t\t\t<\/div>\n\t\t\t\t<\/div>\n\t\t<div class=\"elementor-element elementor-element-bf9e973 e-con-full e-flex e-con e-child\" data-id=\"bf9e973\" data-element_type=\"container\" data-e-type=\"container\">\n\t\t\t\t<div class=\"elementor-element elementor-element-a1870bb elementor-widget elementor-widget-image\" data-id=\"a1870bb\" data-element_type=\"widget\" data-e-type=\"widget\" data-widget_type=\"image.default\">\n\t\t\t\t<div class=\"elementor-widget-container\">\n\t\t\t\t\t\t\t\t\t\t\t\t\t\t\t<img fetchpriority=\"high\" decoding=\"async\" width=\"573\" height=\"536\" src=\"https:\/\/jurisvisas.com\/wp-content\/uploads\/2024\/08\/work-pict-6.png\" class=\"attachment-full size-full wp-image-2603\" alt=\"\" srcset=\"https:\/\/jurisvisas.com\/wp-content\/uploads\/2024\/08\/work-pict-6.png 573w, https:\/\/jurisvisas.com\/wp-content\/uploads\/2024\/08\/work-pict-6-300x281.png 300w, https:\/\/jurisvisas.com\/wp-content\/uploads\/2024\/08\/work-pict-6-13x12.png 13w\" sizes=\"(max-width: 573px) 100vw, 573px\" \/>\t\t\t\t\t\t\t\t\t\t\t\t\t\t\t<\/div>\n\t\t\t\t<\/div>\n\t\t\t\t<\/div>\n\t\t\t\t<\/div>\n\t\t\t\t\t<\/div>\n\t\t\t\t<\/div>\n\t\t\t\t<\/div>","protected":false},"excerpt":{"rendered":"<p>Our Team Founding member Fabiana Reyes has specialized in immigration law since the beginning of her legal career.\u00a0 With more than 15 years of experience, Ms. Reyes has obtained hundreds of visa approvals for clients from around the world.\u00a0 Ms. Reyes has previously worked at very well-known law firms in the immigration field, as well [&hellip;]<\/p>\n","protected":false},"author":4,"featured_media":0,"parent":0,"menu_order":0,"comment_status":"closed","ping_status":"closed","template":"elementor_header_footer","meta":{"nf_dc_page":"","footnotes":""},"class_list":["post-62","page","type-page","status-publish","hentry"],"_links":{"self":[{"href":"https:\/\/jurisvisas.com\/es\/wp-json\/wp\/v2\/pages\/62","targetHints":{"allow":["GET"]}}],"collection":[{"href":"https:\/\/jurisvisas.com\/es\/wp-json\/wp\/v2\/pages"}],"about":[{"href":"https:\/\/jurisvisas.com\/es\/wp-json\/wp\/v2\/types\/page"}],"author":[{"embeddable":true,"href":"https:\/\/jurisvisas.com\/es\/wp-json\/wp\/v2\/users\/4"}],"replies":[{"embeddable":true,"href":"https:\/\/jurisvisas.com\/es\/wp-json\/wp\/v2\/comments?post=62"}],"version-history":[{"count":20,"href":"https:\/\/jurisvisas.com\/es\/wp-json\/wp\/v2\/pages\/62\/revisions"}],"predecessor-version":[{"id":5572,"href":"https:\/\/jurisvisas.com\/es\/wp-json\/wp\/v2\/pages\/62\/revisions\/5572"}],"wp:attachment":[{"href":"https:\/\/jurisvisas.com\/es\/wp-json\/wp\/v2\/media?parent=62"}],"curies":[{"name":"wp","href":"https:\/\/api.w.org\/{rel}","templated":true}]}}