{"id":2114,"date":"2024-08-15T14:19:43","date_gmt":"2024-08-15T14:19:43","guid":{"rendered":"https:\/\/jurisvisas.com\/?page_id=2114"},"modified":"2025-03-29T20:21:08","modified_gmt":"2025-03-29T20:21:08","slug":"why-choose-us","status":"publish","type":"page","link":"https:\/\/jurisvisas.com\/es\/why-choose-us\/","title":{"rendered":"Por Qu\u00e9 Elegirnos"},"content":{"rendered":"<div data-elementor-type=\"wp-page\" data-elementor-id=\"2114\" class=\"elementor elementor-2114\" data-elementor-post-type=\"page\">\n\t\t\t\t<div class=\"elementor-element elementor-element-a983985 e-flex e-con-boxed e-con e-parent\" data-id=\"a983985\" data-element_type=\"container\" data-e-type=\"container\" data-settings=\"{&quot;background_background&quot;:&quot;classic&quot;}\">\n\t\t\t\t\t<div class=\"e-con-inner\">\n\t\t\t\t<div class=\"elementor-element elementor-element-f981252 elementor-widget elementor-widget-heading\" data-id=\"f981252\" data-element_type=\"widget\" data-e-type=\"widget\" data-widget_type=\"heading.default\">\n\t\t\t\t<div class=\"elementor-widget-container\">\n\t\t\t\t\t<h1 class=\"elementor-heading-title elementor-size-default\">\nPor Qu\u00e9 Elegirnos<\/h1>\t\t\t\t<\/div>\n\t\t\t\t<\/div>\n\t\t\t\t\t<\/div>\n\t\t\t\t<\/div>\n\t\t<div class=\"elementor-element elementor-element-ad5ab1e e-flex e-con-boxed e-con e-parent\" data-id=\"ad5ab1e\" data-element_type=\"container\" data-e-type=\"container\" data-settings=\"{&quot;background_background&quot;:&quot;classic&quot;}\">\n\t\t\t\t\t<div class=\"e-con-inner\">\n\t\t<div class=\"elementor-element elementor-element-b7a2047 e-con-full e-flex e-con e-child\" data-id=\"b7a2047\" data-element_type=\"container\" data-e-type=\"container\">\n\t\t<div class=\"elementor-element elementor-element-b2c3875 e-con-full e-flex e-con e-child\" data-id=\"b2c3875\" data-element_type=\"container\" data-e-type=\"container\">\n\t\t\t\t<div class=\"elementor-element elementor-element-4b3cb0a elementor-widget elementor-widget-text-editor\" data-id=\"4b3cb0a\" data-element_type=\"widget\" data-e-type=\"widget\" data-widget_type=\"text-editor.default\">\n\t\t\t\t<div class=\"elementor-widget-container\">\n\t\t\t\t\t\t\t\t\t<p>Because our law firm has a very high level of case approvals, most of our new clients are referred to us by previous clients.\u00a0 For this reason, we do not invest in expensive advertising campaigns.\u00a0 Instead, we pass those savings onto our clients by way of affordable and reasonable legal fees.<\/p><p class=\"translation-block\">Otro beneficio de trabajar con <em>Juris Inmigraci\u00f3n<\/em> es que todos nuestros casos son manejados de principio a fin por un abogado, no por una paralegal o un asistente.<\/p><p>Tambi\u00e9n estamos comprometidos a que el complejo proceso de inmigraci\u00f3n sea simple y f\u00e1cil de entender.  Desde la consulta inicial hasta la aprobaci\u00f3n del caso, clientes reciben informaci\u00f3n clara y disfrutan de una experiencia migratoria sin estr\u00e9s.<\/p><p>Por \u00faltimo, estamos orgullosos de que nuestro bufete se enfoca es en la calidad de nuestros servicios - y no en la cantidad.  A diferencia de muchas firmas de inmigraci\u00f3n hoy en d\u00eda, nuestro objetivo no consiste en obtener el mayor n\u00famero de clientes posible.  En vez, elegimos trabajar con un grupo selecto de clientes que sabemos que podemos representar con \u00e9xito<\/p><p class=\"translation-block\">En <em>Juris Immigration<\/em>, clientes disfrutan del rendimiento y los recursos de un bufete grande, mientras al mismo tiempo reciben la capacidad, agilidad y atenci\u00f3n individualizada que ofrece un bufete m\u00e1s especializado.<\/p>\t\t\t\t\t\t\t\t<\/div>\n\t\t\t\t<\/div>\n\t\t\t\t<\/div>\n\t\t<div class=\"elementor-element elementor-element-f91394f e-con-full e-flex e-con e-child\" data-id=\"f91394f\" data-element_type=\"container\" data-e-type=\"container\">\n\t\t\t\t<div class=\"elementor-element elementor-element-7b9057b elementor-widget__width-initial elementor-widget-mobile__width-inherit custom-height-sections elementor-widget elementor-widget-image\" data-id=\"7b9057b\" data-element_type=\"widget\" data-e-type=\"widget\" data-widget_type=\"image.default\">\n\t\t\t\t<div class=\"elementor-widget-container\">\n\t\t\t\t\t\t\t\t\t\t\t\t\t\t\t<img fetchpriority=\"high\" decoding=\"async\" width=\"800\" height=\"800\" src=\"https:\/\/jurisvisas.com\/wp-content\/uploads\/2024\/08\/lets-seal-deal-shot-two-businesspeople-shaking-hands-visa.webp\" class=\"attachment-full size-full wp-image-3659\" alt=\"\" srcset=\"https:\/\/jurisvisas.com\/wp-content\/uploads\/2024\/08\/lets-seal-deal-shot-two-businesspeople-shaking-hands-visa.webp 800w, https:\/\/jurisvisas.com\/wp-content\/uploads\/2024\/08\/lets-seal-deal-shot-two-businesspeople-shaking-hands-visa-300x300.webp 300w, https:\/\/jurisvisas.com\/wp-content\/uploads\/2024\/08\/lets-seal-deal-shot-two-businesspeople-shaking-hands-visa-150x150.webp 150w, https:\/\/jurisvisas.com\/wp-content\/uploads\/2024\/08\/lets-seal-deal-shot-two-businesspeople-shaking-hands-visa-768x768.webp 768w, https:\/\/jurisvisas.com\/wp-content\/uploads\/2024\/08\/lets-seal-deal-shot-two-businesspeople-shaking-hands-visa-12x12.webp 12w\" sizes=\"(max-width: 800px) 100vw, 800px\" \/>\t\t\t\t\t\t\t\t\t\t\t\t\t\t\t<\/div>\n\t\t\t\t<\/div>\n\t\t\t\t<\/div>\n\t\t\t\t<\/div>\n\t\t\t\t\t<\/div>\n\t\t\t\t<\/div>\n\t\t\t\t<\/div>","protected":false},"excerpt":{"rendered":"<p>Why Choose Us Because our law firm has a very high level of case approvals, most of our new clients are referred to us by previous clients.\u00a0 For this reason, we do not invest in expensive advertising campaigns.\u00a0 Instead, we pass those savings onto our clients by way of affordable and reasonable legal fees. Another [&hellip;]<\/p>\n","protected":false},"author":4,"featured_media":0,"parent":0,"menu_order":0,"comment_status":"closed","ping_status":"closed","template":"","meta":{"nf_dc_page":"","footnotes":""},"class_list":["post-2114","page","type-page","status-publish","hentry"],"_links":{"self":[{"href":"https:\/\/jurisvisas.com\/es\/wp-json\/wp\/v2\/pages\/2114","targetHints":{"allow":["GET"]}}],"collection":[{"href":"https:\/\/jurisvisas.com\/es\/wp-json\/wp\/v2\/pages"}],"about":[{"href":"https:\/\/jurisvisas.com\/es\/wp-json\/wp\/v2\/types\/page"}],"author":[{"embeddable":true,"href":"https:\/\/jurisvisas.com\/es\/wp-json\/wp\/v2\/users\/4"}],"replies":[{"embeddable":true,"href":"https:\/\/jurisvisas.com\/es\/wp-json\/wp\/v2\/comments?post=2114"}],"version-history":[{"count":21,"href":"https:\/\/jurisvisas.com\/es\/wp-json\/wp\/v2\/pages\/2114\/revisions"}],"predecessor-version":[{"id":5592,"href":"https:\/\/jurisvisas.com\/es\/wp-json\/wp\/v2\/pages\/2114\/revisions\/5592"}],"wp:attachment":[{"href":"https:\/\/jurisvisas.com\/es\/wp-json\/wp\/v2\/media?parent=2114"}],"curies":[{"name":"wp","href":"https:\/\/api.w.org\/{rel}","templated":true}]}}