{"id":2107,"date":"2024-08-13T20:26:45","date_gmt":"2024-08-13T20:26:45","guid":{"rendered":"https:\/\/jurisvisas.com\/?page_id=2107"},"modified":"2025-01-29T19:56:18","modified_gmt":"2025-01-29T19:56:18","slug":"l-1-visa","status":"publish","type":"page","link":"https:\/\/jurisvisas.com\/es\/l-1-visa\/","title":{"rendered":"Visa L-1"},"content":{"rendered":"<div data-elementor-type=\"wp-page\" data-elementor-id=\"2107\" class=\"elementor elementor-2107\" data-elementor-post-type=\"page\">\n\t\t\t\t<div class=\"elementor-element elementor-element-e68487a e-flex e-con-boxed e-con e-parent\" data-id=\"e68487a\" data-element_type=\"container\" data-e-type=\"container\" data-settings=\"{&quot;background_background&quot;:&quot;classic&quot;}\">\n\t\t\t\t\t<div class=\"e-con-inner\">\n\t\t\t\t<div class=\"elementor-element elementor-element-d0f478d elementor-widget elementor-widget-heading\" data-id=\"d0f478d\" data-element_type=\"widget\" data-e-type=\"widget\" data-widget_type=\"heading.default\">\n\t\t\t\t<div class=\"elementor-widget-container\">\n\t\t\t\t\t<h1 class=\"elementor-heading-title elementor-size-default\">Visa L-1<\/h1>\t\t\t\t<\/div>\n\t\t\t\t<\/div>\n\t\t\t\t<div class=\"elementor-element elementor-element-160a464 elementor-widget__width-initial elementor-widget elementor-widget-text-editor\" data-id=\"160a464\" data-element_type=\"widget\" data-e-type=\"widget\" data-widget_type=\"text-editor.default\">\n\t\t\t\t<div class=\"elementor-widget-container\">\n\t\t\t\t\t\t\t\t\t<p>La visa L-1 ofrece a personas calificadas la posibilidad de residir y trabajar en los Estados Unidos por per\u00edodos prolongados.<\/p>\t\t\t\t\t\t\t\t<\/div>\n\t\t\t\t<\/div>\n\t\t\t\t\t<\/div>\n\t\t\t\t<\/div>\n\t\t<div class=\"elementor-element elementor-element-a25a844 e-flex e-con-boxed e-con e-parent\" data-id=\"a25a844\" data-element_type=\"container\" data-e-type=\"container\" data-settings=\"{&quot;background_background&quot;:&quot;classic&quot;}\">\n\t\t\t\t\t<div class=\"e-con-inner\">\n\t\t<div class=\"elementor-element elementor-element-6ff7dab e-con-full e-flex e-con e-child\" data-id=\"6ff7dab\" data-element_type=\"container\" data-e-type=\"container\">\n\t\t<div class=\"elementor-element elementor-element-c40a4a1 e-con-full e-flex e-con e-child\" data-id=\"c40a4a1\" data-element_type=\"container\" data-e-type=\"container\">\n\t\t\t\t<div class=\"elementor-element elementor-element-fcbfa6a elementor-widget elementor-widget-heading\" data-id=\"fcbfa6a\" data-element_type=\"widget\" data-e-type=\"widget\" data-widget_type=\"heading.default\">\n\t\t\t\t<div class=\"elementor-widget-container\">\n\t\t\t\t\t<h2 class=\"elementor-heading-title elementor-size-default\">Visa L-1<\/h2>\t\t\t\t<\/div>\n\t\t\t\t<\/div>\n\t\t\t\t<div class=\"elementor-element elementor-element-ce1c63e elementor-widget elementor-widget-text-editor\" data-id=\"ce1c63e\" data-element_type=\"widget\" data-e-type=\"widget\" data-widget_type=\"text-editor.default\">\n\t\t\t\t<div class=\"elementor-widget-container\">\n\t\t\t\t\t\t\t\t\t<p>La visa L-1 ofrece un camino hacia una autorizaci\u00f3n laboral en EE.UU. para propietarios de negocios, ejecutivos, gerentes y empleados con conocimientos especializados.<\/p><p><strong>Elegibilidad<\/strong><\/p><p>La visa L-1 fue creada para facilitar la transferencia de empleados entre ubicaciones de una misma empresa con presencia en diferentes pa\u00edses.<\/p><p>En base a este conexto, para ser elegible para una visa L-1, se deben cumplir dos requisitos principales:  El primero es que debe haber al menos dos empresas activas involucradas en la solicitud, una de ellas ubicada en los Estados Unidos. La empresa extranjera debe haber estado en funcionamiento durante al menos un a\u00f1o antes de presentar la solicitud de visa L-1. La empresa en EE.UU., en cambio, puede ser una entidad preexistente, o una nueva creada con el prop\u00f3sito de establecer la elegibilidad para la visa L-1.<\/p><p>El segundo requisito es que el individuo que solicita el estatus L-1 debe ser un ejecutivo, un gerente, o una persona con conocimientos especializados sobre las operaciones de la empresa.<\/p><p><strong>Beneficios<\/strong><\/p><p>Un beneficio clave de la visa L-1 es que no se requiere un monto m\u00ednimo de inversi\u00f3n en un negocio estadounidense. Adem\u00e1s, los familiares inmediatos del solicitante principal tambi\u00e9n son elegibles para el estatus de visa L. El c\u00f3nyuge del solicitante tiene derecho a una autorizaci\u00f3n completa para trabajar en EE.UU., y los hijos pueden asistir a la escuela.<\/p><p>Por \u00faltimo, una vez que se obtiene el estatus L-1, el solicitante puede solicitar la residencia permanente en EE.UU. tanto para s\u00ed mismo como para sus familiares inmediatos, si as\u00ed lo desean. Posteriormente, tambi\u00e9n pueden optar por la ciudadan\u00eda estadounidense.<\/p><p><strong>Abogados Especializados en Visas L-1<\/strong><\/p><p>Los abogados de Juris Immigration est\u00e1n altamente capacitados para dise\u00f1ar solicitudes de visa L-1 que aseguren que los numerosos pasos en el proceso se cumplan de manera que mejor posicione al solicitante y a la empresa patrocinadora para el \u00e9xito. Utilizamos nuestra experiencia en este campo para maximizar su posibilidades de aprobaci\u00f3n.<\/p><p><strong>Consulta<\/strong><\/p><p class=\"translation-block\">Para m\u00e1s informaci\u00f3n sobre la visa L-1, puede programar una cita para hablar con nosotros. En <em>Juris Immigration,<\/em> su consulta sin costo siempre ser\u00e1 con un abogado licenciado. No le pedimos a clientes que hablen con vendedores.<\/p>\t\t\t\t\t\t\t\t<\/div>\n\t\t\t\t<\/div>\n\t\t\t\t<div class=\"elementor-element elementor-element-54c268c elementor-align-center elementor-tablet-align-left elementor-widget__width-inherit elementor-mobile-align-center elementor-widget elementor-widget-button\" data-id=\"54c268c\" data-element_type=\"widget\" data-e-type=\"widget\" data-widget_type=\"button.default\">\n\t\t\t\t<div class=\"elementor-widget-container\">\n\t\t\t\t\t\t\t\t\t<div class=\"elementor-button-wrapper\">\n\t\t\t\t\t<a class=\"elementor-button elementor-button-link elementor-size-sm\" href=\"\/es\/schedule-a-consultation\/\">\n\t\t\t\t\t\t<span class=\"elementor-button-content-wrapper\">\n\t\t\t\t\t\t\t\t\t<span class=\"elementor-button-text\">Programe una consulta<\/span>\n\t\t\t\t\t<\/span>\n\t\t\t\t\t<\/a>\n\t\t\t\t<\/div>\n\t\t\t\t\t\t\t\t<\/div>\n\t\t\t\t<\/div>\n\t\t\t\t<\/div>\n\t\t<div class=\"elementor-element elementor-element-a7b53a7 e-con-full e-flex e-con e-child\" data-id=\"a7b53a7\" data-element_type=\"container\" data-e-type=\"container\">\n\t\t\t\t<div class=\"elementor-element elementor-element-2d510db elementor-widget__width-initial elementor-widget-mobile__width-inherit custom-height-sections elementor-widget elementor-widget-image\" data-id=\"2d510db\" data-element_type=\"widget\" data-e-type=\"widget\" data-widget_type=\"image.default\">\n\t\t\t\t<div class=\"elementor-widget-container\">\n\t\t\t\t\t\t\t\t\t\t\t\t\t\t\t<img fetchpriority=\"high\" decoding=\"async\" width=\"1200\" height=\"1200\" src=\"https:\/\/jurisvisas.com\/wp-content\/uploads\/2025\/01\/New-L1-visa-1.webp\" class=\"attachment-full size-full wp-image-4885\" alt=\"Photo of an architect\" srcset=\"https:\/\/jurisvisas.com\/wp-content\/uploads\/2025\/01\/New-L1-visa-1.webp 1200w, https:\/\/jurisvisas.com\/wp-content\/uploads\/2025\/01\/New-L1-visa-1-300x300.webp 300w, https:\/\/jurisvisas.com\/wp-content\/uploads\/2025\/01\/New-L1-visa-1-1024x1024.webp 1024w, https:\/\/jurisvisas.com\/wp-content\/uploads\/2025\/01\/New-L1-visa-1-150x150.webp 150w, https:\/\/jurisvisas.com\/wp-content\/uploads\/2025\/01\/New-L1-visa-1-768x768.webp 768w, https:\/\/jurisvisas.com\/wp-content\/uploads\/2025\/01\/New-L1-visa-1-12x12.webp 12w\" sizes=\"(max-width: 1200px) 100vw, 1200px\" \/>\t\t\t\t\t\t\t\t\t\t\t\t\t\t\t<\/div>\n\t\t\t\t<\/div>\n\t\t\t\t<\/div>\n\t\t\t\t<\/div>\n\t\t\t\t\t<\/div>\n\t\t\t\t<\/div>\n\t\t\t\t<\/div>","protected":false},"excerpt":{"rendered":"<p>L-1 Visa The L-1 visa makes it possible for qualified individuals from around the world to live and work in the United States for extended periods of time. L-1 Visa Whether you are a business owner, an executive, a manager, or an employee with specialized knowledge, the L-1 visa provides a pathway to work authorization [&hellip;]<\/p>\n","protected":false},"author":4,"featured_media":0,"parent":0,"menu_order":0,"comment_status":"closed","ping_status":"closed","template":"","meta":{"nf_dc_page":"","footnotes":""},"class_list":["post-2107","page","type-page","status-publish","hentry"],"_links":{"self":[{"href":"https:\/\/jurisvisas.com\/es\/wp-json\/wp\/v2\/pages\/2107","targetHints":{"allow":["GET"]}}],"collection":[{"href":"https:\/\/jurisvisas.com\/es\/wp-json\/wp\/v2\/pages"}],"about":[{"href":"https:\/\/jurisvisas.com\/es\/wp-json\/wp\/v2\/types\/page"}],"author":[{"embeddable":true,"href":"https:\/\/jurisvisas.com\/es\/wp-json\/wp\/v2\/users\/4"}],"replies":[{"embeddable":true,"href":"https:\/\/jurisvisas.com\/es\/wp-json\/wp\/v2\/comments?post=2107"}],"version-history":[{"count":20,"href":"https:\/\/jurisvisas.com\/es\/wp-json\/wp\/v2\/pages\/2107\/revisions"}],"predecessor-version":[{"id":5563,"href":"https:\/\/jurisvisas.com\/es\/wp-json\/wp\/v2\/pages\/2107\/revisions\/5563"}],"wp:attachment":[{"href":"https:\/\/jurisvisas.com\/es\/wp-json\/wp\/v2\/media?parent=2107"}],"curies":[{"name":"wp","href":"https:\/\/api.w.org\/{rel}","templated":true}]}}