{"id":2106,"date":"2024-08-13T20:26:56","date_gmt":"2024-08-13T20:26:56","guid":{"rendered":"https:\/\/jurisvisas.com\/?page_id=2106"},"modified":"2025-01-29T19:56:21","modified_gmt":"2025-01-29T19:56:21","slug":"o-1-visa","status":"publish","type":"page","link":"https:\/\/jurisvisas.com\/es\/o-1-visa\/","title":{"rendered":"Visa O-1"},"content":{"rendered":"<div data-elementor-type=\"wp-page\" data-elementor-id=\"2106\" class=\"elementor elementor-2106\" data-elementor-post-type=\"page\">\n\t\t\t\t<div class=\"elementor-element elementor-element-c792d0a e-flex e-con-boxed e-con e-parent\" data-id=\"c792d0a\" data-element_type=\"container\" data-e-type=\"container\" data-settings=\"{&quot;background_background&quot;:&quot;classic&quot;}\">\n\t\t\t\t\t<div class=\"e-con-inner\">\n\t\t\t\t<div class=\"elementor-element elementor-element-223a907 elementor-widget elementor-widget-heading\" data-id=\"223a907\" data-element_type=\"widget\" data-e-type=\"widget\" data-widget_type=\"heading.default\">\n\t\t\t\t<div class=\"elementor-widget-container\">\n\t\t\t\t\t<h1 class=\"elementor-heading-title elementor-size-default\">Visa O-1<\/h1>\t\t\t\t<\/div>\n\t\t\t\t<\/div>\n\t\t\t\t<div class=\"elementor-element elementor-element-d256766 elementor-widget__width-initial elementor-widget elementor-widget-text-editor\" data-id=\"d256766\" data-element_type=\"widget\" data-e-type=\"widget\" data-widget_type=\"text-editor.default\">\n\t\t\t\t<div class=\"elementor-widget-container\">\n\t\t\t\t\t\t\t\t\t<p>La visa O-1 le permite a las personas altamente calificadas en campos como negocios, educaci\u00f3n, ciencias y artes mudarse a los Estados Unidos por per\u00edodos prolongados.<\/p>\t\t\t\t\t\t\t\t<\/div>\n\t\t\t\t<\/div>\n\t\t\t\t\t<\/div>\n\t\t\t\t<\/div>\n\t\t<div class=\"elementor-element elementor-element-bdb4b8e e-flex e-con-boxed e-con e-parent\" data-id=\"bdb4b8e\" data-element_type=\"container\" data-e-type=\"container\" data-settings=\"{&quot;background_background&quot;:&quot;classic&quot;}\">\n\t\t\t\t\t<div class=\"e-con-inner\">\n\t\t<div class=\"elementor-element elementor-element-8977fc5 e-con-full e-flex e-con e-child\" data-id=\"8977fc5\" data-element_type=\"container\" data-e-type=\"container\">\n\t\t<div class=\"elementor-element elementor-element-cb8421f e-con-full e-flex e-con e-child\" data-id=\"cb8421f\" data-element_type=\"container\" data-e-type=\"container\">\n\t\t\t\t<div class=\"elementor-element elementor-element-e5bbcd4 elementor-widget elementor-widget-heading\" data-id=\"e5bbcd4\" data-element_type=\"widget\" data-e-type=\"widget\" data-widget_type=\"heading.default\">\n\t\t\t\t<div class=\"elementor-widget-container\">\n\t\t\t\t\t<h2 class=\"elementor-heading-title elementor-size-default\">Visa O-1<\/h2>\t\t\t\t<\/div>\n\t\t\t\t<\/div>\n\t\t\t\t<div class=\"elementor-element elementor-element-b5f5693 elementor-widget elementor-widget-text-editor\" data-id=\"b5f5693\" data-element_type=\"widget\" data-e-type=\"widget\" data-widget_type=\"text-editor.default\">\n\t\t\t\t<div class=\"elementor-widget-container\">\n\t\t\t\t\t\t\t\t\t<p>La visa O-1 est\u00e1 destinada a personas con habilidades sobresalientes que desean vivir y trabajar en EE.UU.<\/p><p><strong>\u00a0<\/strong><strong>Requisitos<\/strong><\/p><p>Para calificar para una visa O-1, los solicitantes deben demostrar un alto nivel de logros y reconocimiento en su campo. La evidencia de estos logros puede incluir premios, publicaciones o la existencia de una obra significativa.   La visa O-1 es espec\u00edfica para un solo empleador, y la duraci\u00f3n de la visa se concede por hasta tres a\u00f1os, con la posibilidad de extenderla, dependiendo de la duraci\u00f3n del proyecto o del puesto para el cual el solicitante ha sido contratado.<\/p><p><strong>\u00a0<\/strong><strong>Abogados Especializados en la visa O-1<\/strong><\/p><p>Los abogados de Juris Immigration est\u00e1n altamente capacitados para dise\u00f1ar solicitudes de visa L-1 que aseguren que los numerosos pasos del proceso se cumplan de forma exitosa. Utilizamos nuestra experiencia en este campo para maximizar su posibilidades de aprobaci\u00f3n.<\/p><p><strong>Consulta<\/strong><\/p><p class=\"translation-block\">Para m\u00e1s informaci\u00f3n sobre la visa O-1, puede programar una cita para hablar con nosotros. En <em>Juris Immigration<\/em>,  su consulta sin costo siempre ser\u00e1 con un abogado licenciado. No le pedimos a clientes que hablen con vendedores.<\/p>\t\t\t\t\t\t\t\t<\/div>\n\t\t\t\t<\/div>\n\t\t\t\t<div class=\"elementor-element elementor-element-1dae5e9 elementor-align-center elementor-tablet-align-left elementor-widget__width-inherit elementor-mobile-align-center elementor-widget elementor-widget-button\" data-id=\"1dae5e9\" data-element_type=\"widget\" data-e-type=\"widget\" data-widget_type=\"button.default\">\n\t\t\t\t<div class=\"elementor-widget-container\">\n\t\t\t\t\t\t\t\t\t<div class=\"elementor-button-wrapper\">\n\t\t\t\t\t<a class=\"elementor-button elementor-button-link elementor-size-sm\" href=\"\/es\/schedule-a-consultation\/\">\n\t\t\t\t\t\t<span class=\"elementor-button-content-wrapper\">\n\t\t\t\t\t\t\t\t\t<span class=\"elementor-button-text\">Programe una consulta<\/span>\n\t\t\t\t\t<\/span>\n\t\t\t\t\t<\/a>\n\t\t\t\t<\/div>\n\t\t\t\t\t\t\t\t<\/div>\n\t\t\t\t<\/div>\n\t\t\t\t<\/div>\n\t\t<div class=\"elementor-element elementor-element-778909b e-con-full e-flex e-con e-child\" data-id=\"778909b\" data-element_type=\"container\" data-e-type=\"container\">\n\t\t\t\t<div class=\"elementor-element elementor-element-cae8314 elementor-widget__width-initial elementor-widget-mobile__width-inherit custom-height-sections elementor-widget elementor-widget-image\" data-id=\"cae8314\" data-element_type=\"widget\" data-e-type=\"widget\" data-widget_type=\"image.default\">\n\t\t\t\t<div class=\"elementor-widget-container\">\n\t\t\t\t\t\t\t\t\t\t\t\t\t\t\t<img fetchpriority=\"high\" decoding=\"async\" width=\"626\" height=\"626\" src=\"https:\/\/jurisvisas.com\/wp-content\/uploads\/2024\/08\/finalfri.jpg\" class=\"attachment-full size-full wp-image-3306\" alt=\"\" srcset=\"https:\/\/jurisvisas.com\/wp-content\/uploads\/2024\/08\/finalfri.jpg 626w, https:\/\/jurisvisas.com\/wp-content\/uploads\/2024\/08\/finalfri-300x300.jpg 300w, https:\/\/jurisvisas.com\/wp-content\/uploads\/2024\/08\/finalfri-150x150.jpg 150w, https:\/\/jurisvisas.com\/wp-content\/uploads\/2024\/08\/finalfri-12x12.jpg 12w\" sizes=\"(max-width: 626px) 100vw, 626px\" \/>\t\t\t\t\t\t\t\t\t\t\t\t\t\t\t<\/div>\n\t\t\t\t<\/div>\n\t\t\t\t<\/div>\n\t\t\t\t<\/div>\n\t\t\t\t\t<\/div>\n\t\t\t\t<\/div>\n\t\t\t\t<\/div>","protected":false},"excerpt":{"rendered":"<p>O-1 Visa The O-1 visa allows high achieving individuals in fields such as business, education science, the arts to relocate to the United States for extended periods of time O-1 Visa The O-1 visa is for individuals of extraordinary ability who wish to live and work in the United States. \u00a0Eligibility To qualify for an [&hellip;]<\/p>\n","protected":false},"author":4,"featured_media":0,"parent":0,"menu_order":0,"comment_status":"closed","ping_status":"closed","template":"","meta":{"nf_dc_page":"","footnotes":""},"class_list":["post-2106","page","type-page","status-publish","hentry"],"_links":{"self":[{"href":"https:\/\/jurisvisas.com\/es\/wp-json\/wp\/v2\/pages\/2106","targetHints":{"allow":["GET"]}}],"collection":[{"href":"https:\/\/jurisvisas.com\/es\/wp-json\/wp\/v2\/pages"}],"about":[{"href":"https:\/\/jurisvisas.com\/es\/wp-json\/wp\/v2\/types\/page"}],"author":[{"embeddable":true,"href":"https:\/\/jurisvisas.com\/es\/wp-json\/wp\/v2\/users\/4"}],"replies":[{"embeddable":true,"href":"https:\/\/jurisvisas.com\/es\/wp-json\/wp\/v2\/comments?post=2106"}],"version-history":[{"count":20,"href":"https:\/\/jurisvisas.com\/es\/wp-json\/wp\/v2\/pages\/2106\/revisions"}],"predecessor-version":[{"id":5566,"href":"https:\/\/jurisvisas.com\/es\/wp-json\/wp\/v2\/pages\/2106\/revisions\/5566"}],"wp:attachment":[{"href":"https:\/\/jurisvisas.com\/es\/wp-json\/wp\/v2\/media?parent=2106"}],"curies":[{"name":"wp","href":"https:\/\/api.w.org\/{rel}","templated":true}]}}